{"id":1459,"date":"2026-04-01T11:34:13","date_gmt":"2026-04-01T09:34:13","guid":{"rendered":"https:\/\/retromobile-2024.dl-76.ovh\/?page_id=1459"},"modified":"2026-04-12T23:37:28","modified_gmt":"2026-04-12T21:37:28","slug":"bentley-2","status":"publish","type":"page","link":"https:\/\/retromobile-2024.dl-76.ovh\/index.php\/bentley-2\/","title":{"rendered":"Bentley"},"content":{"rendered":"\n<div class=\"wp-block-group\"><div class=\"wp-block-group__inner-container is-layout-constrained wp-block-group-is-layout-constrained\"><div class=\"wp-block-image\">\n<figure class=\"aligncenter size-full\" id=\"logo1\"><img loading=\"lazy\" decoding=\"async\" width=\"150\" height=\"54\" src=\"https:\/\/retromobile-2024.dl-76.ovh\/wp-content\/uploads\/2026\/04\/bentley.png\" alt=\"\" class=\"wp-image-1481\"\/><\/figure>\n<\/div>\n\n\nBentley est un constructeur automobile britannique fond\u00e9 en 1919 par Walter Owen Bentley. La marque s\u2019est rapidement fait conna\u00eetre pour ses voitures sportives robustes et ses nombreuses victoires aux 24 Heures du Mans dans les ann\u00e9es 1920.\n\nEn 1931, apr\u00e8s des difficult\u00e9s financi\u00e8res, Bentley est rachet\u00e9e par Rolls-Royce, ce qui oriente la marque vers la production de voitures de luxe plus confortables et silencieuses.\n\nDepuis 1998, Bentley appartient au Volkswagen Group, qui modernise la marque et relance sa croissance. Aujourd\u2019hui, Bentley est reconnue comme l\u2019un des constructeurs mondiaux de voitures de luxe et de grand tourisme. \ud83d\ude97\ud83d\udca8\n\n\n\n<div style=\"height:29px\" aria-hidden=\"true\" class=\"wp-block-spacer\"><\/div>\n\n\n\n<figure class=\"wp-block-gallery has-nested-images columns-default is-cropped wp-block-gallery-1 is-layout-flex wp-block-gallery-is-layout-flex\">\n<figure class=\"wp-block-image size-large photo-instant\"><a href=\"https:\/\/retromobile-2024.dl-76.ovh\/index.php\/2026\/04\/10\/bentley-8-litres\/\"><img loading=\"lazy\" decoding=\"async\" width=\"1024\" height=\"750\" data-id=\"1553\" src=\"https:\/\/retromobile-2024.dl-76.ovh\/wp-content\/uploads\/2026\/04\/bentley-8-litres-n\u00b001-1024x750.jpg\" alt=\"\" class=\"wp-image-1553\" srcset=\"https:\/\/retromobile-2024.dl-76.ovh\/wp-content\/uploads\/2026\/04\/bentley-8-litres-n\u00b001-1024x750.jpg 1024w, https:\/\/retromobile-2024.dl-76.ovh\/wp-content\/uploads\/2026\/04\/bentley-8-litres-n\u00b001-300x220.jpg 300w, https:\/\/retromobile-2024.dl-76.ovh\/wp-content\/uploads\/2026\/04\/bentley-8-litres-n\u00b001-768x562.jpg 768w, https:\/\/retromobile-2024.dl-76.ovh\/wp-content\/uploads\/2026\/04\/bentley-8-litres-n\u00b001-1536x1125.jpg 1536w, https:\/\/retromobile-2024.dl-76.ovh\/wp-content\/uploads\/2026\/04\/bentley-8-litres-n\u00b001.jpg 1920w\" sizes=\"auto, (max-width: 1024px) 100vw, 1024px\" \/><\/a><\/figure>\n\n\n\n<figure class=\"wp-block-image size-large photo-instant\"><a href=\"https:\/\/retromobile-2024.dl-76.ovh\/index.php\/2026\/04\/10\/bentley-65l\/\"><img loading=\"lazy\" decoding=\"async\" width=\"1024\" height=\"860\" data-id=\"1542\" src=\"https:\/\/retromobile-2024.dl-76.ovh\/wp-content\/uploads\/2026\/04\/Bentley-65-litres-n\u00b001-1024x860.jpg\" alt=\"\" class=\"wp-image-1542\" srcset=\"https:\/\/retromobile-2024.dl-76.ovh\/wp-content\/uploads\/2026\/04\/Bentley-65-litres-n\u00b001-1024x860.jpg 1024w, https:\/\/retromobile-2024.dl-76.ovh\/wp-content\/uploads\/2026\/04\/Bentley-65-litres-n\u00b001-300x252.jpg 300w, https:\/\/retromobile-2024.dl-76.ovh\/wp-content\/uploads\/2026\/04\/Bentley-65-litres-n\u00b001-768x645.jpg 768w, https:\/\/retromobile-2024.dl-76.ovh\/wp-content\/uploads\/2026\/04\/Bentley-65-litres-n\u00b001-1536x1290.jpg 1536w, https:\/\/retromobile-2024.dl-76.ovh\/wp-content\/uploads\/2026\/04\/Bentley-65-litres-n\u00b001.jpg 1920w\" sizes=\"auto, (max-width: 1024px) 100vw, 1024px\" \/><\/a><\/figure>\n\n\n\n<figure class=\"wp-block-image size-large photo-instant\"><a href=\"https:\/\/retromobile-2024.dl-76.ovh\/index.php\/2026\/04\/01\/bentley-35\/\"><img loading=\"lazy\" decoding=\"async\" width=\"1024\" height=\"776\" data-id=\"1461\" src=\"https:\/\/retromobile-2024.dl-76.ovh\/wp-content\/uploads\/2026\/03\/Bentley-35-litres-n\u00b001-1024x776.jpg\" alt=\"\" class=\"wp-image-1461\" srcset=\"https:\/\/retromobile-2024.dl-76.ovh\/wp-content\/uploads\/2026\/03\/Bentley-35-litres-n\u00b001-1024x776.jpg 1024w, https:\/\/retromobile-2024.dl-76.ovh\/wp-content\/uploads\/2026\/03\/Bentley-35-litres-n\u00b001-300x227.jpg 300w, https:\/\/retromobile-2024.dl-76.ovh\/wp-content\/uploads\/2026\/03\/Bentley-35-litres-n\u00b001-768x582.jpg 768w, https:\/\/retromobile-2024.dl-76.ovh\/wp-content\/uploads\/2026\/03\/Bentley-35-litres-n\u00b001-1536x1164.jpg 1536w, https:\/\/retromobile-2024.dl-76.ovh\/wp-content\/uploads\/2026\/03\/Bentley-35-litres-n\u00b001.jpg 1920w\" sizes=\"auto, (max-width: 1024px) 100vw, 1024px\" \/><\/a><\/figure>\n\n\n\n<figure class=\"wp-block-image size-large photo-instant\"><a href=\"https:\/\/retromobile-2024.dl-76.ovh\/index.php\/2026\/04\/01\/bentley-45-litres\/\"><img loading=\"lazy\" decoding=\"async\" width=\"1024\" height=\"461\" data-id=\"1494\" src=\"https:\/\/retromobile-2024.dl-76.ovh\/wp-content\/uploads\/2026\/04\/bentley-45L-n\u00b0-2-1024x461.jpg\" alt=\"\" class=\"wp-image-1494\" title=\"Bentley 4,5 litres\" srcset=\"https:\/\/retromobile-2024.dl-76.ovh\/wp-content\/uploads\/2026\/04\/bentley-45L-n\u00b0-2-1024x461.jpg 1024w, https:\/\/retromobile-2024.dl-76.ovh\/wp-content\/uploads\/2026\/04\/bentley-45L-n\u00b0-2-300x135.jpg 300w, https:\/\/retromobile-2024.dl-76.ovh\/wp-content\/uploads\/2026\/04\/bentley-45L-n\u00b0-2-768x346.jpg 768w, https:\/\/retromobile-2024.dl-76.ovh\/wp-content\/uploads\/2026\/04\/bentley-45L-n\u00b0-2-1536x691.jpg 1536w, https:\/\/retromobile-2024.dl-76.ovh\/wp-content\/uploads\/2026\/04\/bentley-45L-n\u00b0-2.jpg 1920w\" sizes=\"auto, (max-width: 1024px) 100vw, 1024px\" \/><\/a><\/figure>\n\n\n\n<figure class=\"wp-block-image size-large photo-instant\"><a href=\"https:\/\/retromobile-2024.dl-76.ovh\/index.php\/2026\/04\/09\/bentley-4-5l-1920\/\"><img loading=\"lazy\" decoding=\"async\" width=\"1024\" height=\"753\" data-id=\"1532\" src=\"https:\/\/retromobile-2024.dl-76.ovh\/wp-content\/uploads\/2026\/04\/bentley-1920-n\u00b003-1024x753.jpg\" alt=\"\" class=\"wp-image-1532\" srcset=\"https:\/\/retromobile-2024.dl-76.ovh\/wp-content\/uploads\/2026\/04\/bentley-1920-n\u00b003-1024x753.jpg 1024w, https:\/\/retromobile-2024.dl-76.ovh\/wp-content\/uploads\/2026\/04\/bentley-1920-n\u00b003-300x220.jpg 300w, https:\/\/retromobile-2024.dl-76.ovh\/wp-content\/uploads\/2026\/04\/bentley-1920-n\u00b003-768x564.jpg 768w, https:\/\/retromobile-2024.dl-76.ovh\/wp-content\/uploads\/2026\/04\/bentley-1920-n\u00b003-1536x1129.jpg 1536w, https:\/\/retromobile-2024.dl-76.ovh\/wp-content\/uploads\/2026\/04\/bentley-1920-n\u00b003.jpg 1920w\" sizes=\"auto, (max-width: 1024px) 100vw, 1024px\" \/><\/a><\/figure>\n\n\n\n<figure class=\"wp-block-image size-large photo-instant\"><a href=\"https:\/\/retromobile-2024.dl-76.ovh\/index.php\/2026\/04\/12\/bentley-speed-8\/\"><img loading=\"lazy\" decoding=\"async\" width=\"1024\" height=\"487\" data-id=\"1562\" src=\"https:\/\/retromobile-2024.dl-76.ovh\/wp-content\/uploads\/2026\/04\/Bentley-Speed-8-n\u00b001-1024x487.jpg\" alt=\"\" class=\"wp-image-1562\" srcset=\"https:\/\/retromobile-2024.dl-76.ovh\/wp-content\/uploads\/2026\/04\/Bentley-Speed-8-n\u00b001-1024x487.jpg 1024w, https:\/\/retromobile-2024.dl-76.ovh\/wp-content\/uploads\/2026\/04\/Bentley-Speed-8-n\u00b001-300x143.jpg 300w, https:\/\/retromobile-2024.dl-76.ovh\/wp-content\/uploads\/2026\/04\/Bentley-Speed-8-n\u00b001-768x366.jpg 768w, https:\/\/retromobile-2024.dl-76.ovh\/wp-content\/uploads\/2026\/04\/Bentley-Speed-8-n\u00b001-1536x731.jpg 1536w, https:\/\/retromobile-2024.dl-76.ovh\/wp-content\/uploads\/2026\/04\/Bentley-Speed-8-n\u00b001.jpg 1920w\" sizes=\"auto, (max-width: 1024px) 100vw, 1024px\" \/><\/a><\/figure>\n<\/figure>\n<\/div><\/div>\n\n\n\n<div class=\"wp-block-buttons is-layout-flex wp-block-buttons-is-layout-flex\"><\/div>\n\n\n\n<div class=\"wp-block-group is-content-justification-center is-nowrap is-layout-flex wp-container-core-group-is-layout-94bc23d7 wp-block-group-is-layout-flex\">\n<pre class=\"wp-block-preformatted\"> \u2b06\ufe0f <a href=\"#logo1\" data-type=\"page\" data-id=\"1459\">Haut de page<\/a> \u2b06\ufe0f<\/pre>\n<\/div>\n\n\n\n<p><\/p>\n","protected":false},"excerpt":{"rendered":"<p>Bentley est un constructeur automobile britannique fond\u00e9 en 1919 par Walter Owen Bentley. La marque s\u2019est rapidement fait conna\u00eetre pour<\/p>\n","protected":false},"author":1,"featured_media":0,"parent":0,"menu_order":0,"comment_status":"closed","ping_status":"closed","template":"","meta":{"footnotes":""},"class_list":["post-1459","page","type-page","status-publish","hentry","comments-off"],"_links":{"self":[{"href":"https:\/\/retromobile-2024.dl-76.ovh\/index.php\/wp-json\/wp\/v2\/pages\/1459","targetHints":{"allow":["GET"]}}],"collection":[{"href":"https:\/\/retromobile-2024.dl-76.ovh\/index.php\/wp-json\/wp\/v2\/pages"}],"about":[{"href":"https:\/\/retromobile-2024.dl-76.ovh\/index.php\/wp-json\/wp\/v2\/types\/page"}],"author":[{"embeddable":true,"href":"https:\/\/retromobile-2024.dl-76.ovh\/index.php\/wp-json\/wp\/v2\/users\/1"}],"replies":[{"embeddable":true,"href":"https:\/\/retromobile-2024.dl-76.ovh\/index.php\/wp-json\/wp\/v2\/comments?post=1459"}],"version-history":[{"count":28,"href":"https:\/\/retromobile-2024.dl-76.ovh\/index.php\/wp-json\/wp\/v2\/pages\/1459\/revisions"}],"predecessor-version":[{"id":1603,"href":"https:\/\/retromobile-2024.dl-76.ovh\/index.php\/wp-json\/wp\/v2\/pages\/1459\/revisions\/1603"}],"wp:attachment":[{"href":"https:\/\/retromobile-2024.dl-76.ovh\/index.php\/wp-json\/wp\/v2\/media?parent=1459"}],"curies":[{"name":"wp","href":"https:\/\/api.w.org\/{rel}","templated":true}]}}