{"id":1565,"date":"2026-04-12T22:49:19","date_gmt":"2026-04-12T20:49:19","guid":{"rendered":"https:\/\/retromobile-2024.dl-76.ovh\/?page_id=1565"},"modified":"2026-04-13T09:47:40","modified_gmt":"2026-04-13T07:47:40","slug":"aston-martin-db4","status":"publish","type":"page","link":"https:\/\/retromobile-2024.dl-76.ovh\/index.php\/aston-martin-db4\/","title":{"rendered":"Aston Martin"},"content":{"rendered":"\n<div class=\"wp-block-group\"><div class=\"wp-block-group__inner-container is-layout-constrained wp-block-group-is-layout-constrained\"><div class=\"wp-block-image\">\n<figure class=\"aligncenter size-full is-resized\" id=\"haut-aston\"><img loading=\"lazy\" decoding=\"async\" width=\"500\" height=\"131\" src=\"https:\/\/retromobile-2024.dl-76.ovh\/wp-content\/uploads\/2026\/04\/Aston-Martin.png\" alt=\"\" class=\"wp-image-1577\" style=\"width:408px;height:auto\" srcset=\"https:\/\/retromobile-2024.dl-76.ovh\/wp-content\/uploads\/2026\/04\/Aston-Martin.png 500w, https:\/\/retromobile-2024.dl-76.ovh\/wp-content\/uploads\/2026\/04\/Aston-Martin-300x79.png 300w\" sizes=\"auto, (max-width: 500px) 100vw, 500px\" \/><\/figure>\n<\/div>\n\n\nLa marque Aston Martin est fond\u00e9e en 1913 en Angleterre par Lionel Martin et Robert Bamford. D\u00e8s ses d\u00e9buts, la marque se sp\u00e9cialise dans les voitures de sport et de comp\u00e9tition, mais elle conna\u00eet plusieurs p\u00e9riodes difficiles financi\u00e8rement au cours du XX\u1d49 si\u00e8cle.\n\nApr\u00e8s la Seconde Guerre mondiale, Aston Martin se repositionne sur les grandes routi\u00e8res de luxe et de performance, ce qui donnera naissance \u00e0 la c\u00e9l\u00e8bre s\u00e9rie DB (David Brown), dont fait partie la DB4. \ud83d\ude97\ud83d\udca8\n\n\n\n<div style=\"height:29px\" aria-hidden=\"true\" class=\"wp-block-spacer\"><\/div>\n\n\n\n<figure class=\"wp-block-gallery has-nested-images columns-default is-cropped wp-block-gallery-1 is-layout-flex wp-block-gallery-is-layout-flex\">\n<figure class=\"wp-block-image size-large photo-instant\"><a href=\"https:\/\/retromobile-2024.dl-76.ovh\/index.php\/2026\/04\/12\/aston-martin-db48\/\"><img loading=\"lazy\" decoding=\"async\" width=\"1024\" height=\"604\" data-id=\"1568\" src=\"https:\/\/retromobile-2024.dl-76.ovh\/wp-content\/uploads\/2026\/04\/Aston-Martin-DB48-n\u00b001-1024x604.jpg\" alt=\"\" class=\"wp-image-1568\" srcset=\"https:\/\/retromobile-2024.dl-76.ovh\/wp-content\/uploads\/2026\/04\/Aston-Martin-DB48-n\u00b001-1024x604.jpg 1024w, https:\/\/retromobile-2024.dl-76.ovh\/wp-content\/uploads\/2026\/04\/Aston-Martin-DB48-n\u00b001-300x177.jpg 300w, https:\/\/retromobile-2024.dl-76.ovh\/wp-content\/uploads\/2026\/04\/Aston-Martin-DB48-n\u00b001-768x453.jpg 768w, https:\/\/retromobile-2024.dl-76.ovh\/wp-content\/uploads\/2026\/04\/Aston-Martin-DB48-n\u00b001-1536x906.jpg 1536w, https:\/\/retromobile-2024.dl-76.ovh\/wp-content\/uploads\/2026\/04\/Aston-Martin-DB48-n\u00b001.jpg 1920w\" sizes=\"auto, (max-width: 1024px) 100vw, 1024px\" \/><\/a><\/figure>\n\n\n\n<figure class=\"wp-block-image size-large photo-instant\"><a href=\"https:\/\/retromobile-2024.dl-76.ovh\/index.php\/2026\/04\/13\/aston-martin-db2_4\/\"><img loading=\"lazy\" decoding=\"async\" width=\"1024\" height=\"666\" data-id=\"1607\" src=\"https:\/\/retromobile-2024.dl-76.ovh\/wp-content\/uploads\/2026\/04\/aston_martin_DB2-4-n\u00b001-1024x666.jpg\" alt=\"\" class=\"wp-image-1607\" srcset=\"https:\/\/retromobile-2024.dl-76.ovh\/wp-content\/uploads\/2026\/04\/aston_martin_DB2-4-n\u00b001-1024x666.jpg 1024w, https:\/\/retromobile-2024.dl-76.ovh\/wp-content\/uploads\/2026\/04\/aston_martin_DB2-4-n\u00b001-300x195.jpg 300w, https:\/\/retromobile-2024.dl-76.ovh\/wp-content\/uploads\/2026\/04\/aston_martin_DB2-4-n\u00b001-768x500.jpg 768w, https:\/\/retromobile-2024.dl-76.ovh\/wp-content\/uploads\/2026\/04\/aston_martin_DB2-4-n\u00b001.jpg 1363w\" sizes=\"auto, (max-width: 1024px) 100vw, 1024px\" \/><\/a><\/figure>\n\n\n\n\n\n\n\n\n\n\n\n\n\n\n<\/figure>\n<\/div><\/div>\n\n\n\n<div style=\"height:17px\" aria-hidden=\"true\" class=\"wp-block-spacer\"><\/div>\n\n\n\n<div class=\"wp-block-group is-content-justification-center is-nowrap is-layout-flex wp-container-core-group-is-layout-94bc23d7 wp-block-group-is-layout-flex\">\n<pre class=\"wp-block-preformatted\"> \u2b06\ufe0f <a href=\"#haut-aston\" data-type=\"page\" data-id=\"1565\">Haut de page<\/a> \u2b06\ufe0f<\/pre>\n<\/div>\n\n\n\n<p><\/p>\n","protected":false},"excerpt":{"rendered":"<p>La marque Aston Martin est fond\u00e9e en 1913 en Angleterre par Lionel Martin et Robert Bamford. D\u00e8s ses d\u00e9buts, la<\/p>\n","protected":false},"author":1,"featured_media":0,"parent":0,"menu_order":0,"comment_status":"closed","ping_status":"closed","template":"","meta":{"footnotes":""},"class_list":["post-1565","page","type-page","status-publish","hentry","comments-off"],"_links":{"self":[{"href":"https:\/\/retromobile-2024.dl-76.ovh\/index.php\/wp-json\/wp\/v2\/pages\/1565","targetHints":{"allow":["GET"]}}],"collection":[{"href":"https:\/\/retromobile-2024.dl-76.ovh\/index.php\/wp-json\/wp\/v2\/pages"}],"about":[{"href":"https:\/\/retromobile-2024.dl-76.ovh\/index.php\/wp-json\/wp\/v2\/types\/page"}],"author":[{"embeddable":true,"href":"https:\/\/retromobile-2024.dl-76.ovh\/index.php\/wp-json\/wp\/v2\/users\/1"}],"replies":[{"embeddable":true,"href":"https:\/\/retromobile-2024.dl-76.ovh\/index.php\/wp-json\/wp\/v2\/comments?post=1565"}],"version-history":[{"count":16,"href":"https:\/\/retromobile-2024.dl-76.ovh\/index.php\/wp-json\/wp\/v2\/pages\/1565\/revisions"}],"predecessor-version":[{"id":1614,"href":"https:\/\/retromobile-2024.dl-76.ovh\/index.php\/wp-json\/wp\/v2\/pages\/1565\/revisions\/1614"}],"wp:attachment":[{"href":"https:\/\/retromobile-2024.dl-76.ovh\/index.php\/wp-json\/wp\/v2\/media?parent=1565"}],"curies":[{"name":"wp","href":"https:\/\/api.w.org\/{rel}","templated":true}]}}